{"id":960,"date":"2023-08-05T11:13:28","date_gmt":"2023-08-05T09:13:28","guid":{"rendered":"https:\/\/thereminplayer.wordpress.com\/?page_id=960"},"modified":"2026-03-20T10:59:04","modified_gmt":"2026-03-20T09:59:04","slug":"duo-lufftstrom-hintzenstern-levine","status":"publish","type":"page","link":"https:\/\/andrewlevine.info\/?page_id=960","title":{"rendered":"Duo LufftStrom \/ Hintzenstern-Levine"},"content":{"rendered":"\n<figure class=\"wp-block-image size-large\"><img data-recalc-dims=\"1\" loading=\"lazy\" decoding=\"async\" width=\"525\" height=\"290\" data-attachment-id=\"1109\" data-permalink=\"https:\/\/andrewlevine.info\/?attachment_id=1109\" data-orig-file=\"https:\/\/i0.wp.com\/andrewlevine.info\/wp-content\/uploads\/2023\/08\/vlcsnap-2023-08-05-11h17m29s102-2.png?fit=1901%2C1049&amp;ssl=1\" data-orig-size=\"1901,1049\" data-comments-opened=\"1\" data-image-meta=\"{&quot;aperture&quot;:&quot;0&quot;,&quot;credit&quot;:&quot;&quot;,&quot;camera&quot;:&quot;&quot;,&quot;caption&quot;:&quot;&quot;,&quot;created_timestamp&quot;:&quot;0&quot;,&quot;copyright&quot;:&quot;&quot;,&quot;focal_length&quot;:&quot;0&quot;,&quot;iso&quot;:&quot;0&quot;,&quot;shutter_speed&quot;:&quot;0&quot;,&quot;title&quot;:&quot;&quot;,&quot;orientation&quot;:&quot;0&quot;}\" data-image-title=\"vlcsnap-2023-08-05-11h17m29s102-2\" data-image-description=\"\" data-image-caption=\"\" data-medium-file=\"https:\/\/i0.wp.com\/andrewlevine.info\/wp-content\/uploads\/2023\/08\/vlcsnap-2023-08-05-11h17m29s102-2.png?fit=300%2C166&amp;ssl=1\" data-large-file=\"https:\/\/i0.wp.com\/andrewlevine.info\/wp-content\/uploads\/2023\/08\/vlcsnap-2023-08-05-11h17m29s102-2.png?fit=525%2C290&amp;ssl=1\" src=\"https:\/\/i0.wp.com\/andrewlevine.info\/wp-content\/uploads\/2023\/08\/vlcsnap-2023-08-05-11h17m29s102-2-1024x565.png?resize=525%2C290&#038;ssl=1\" alt=\"\" class=\"wp-image-1109\" srcset=\"https:\/\/i0.wp.com\/andrewlevine.info\/wp-content\/uploads\/2023\/08\/vlcsnap-2023-08-05-11h17m29s102-2.png?resize=1024%2C565&amp;ssl=1 1024w, https:\/\/i0.wp.com\/andrewlevine.info\/wp-content\/uploads\/2023\/08\/vlcsnap-2023-08-05-11h17m29s102-2.png?resize=300%2C166&amp;ssl=1 300w, https:\/\/i0.wp.com\/andrewlevine.info\/wp-content\/uploads\/2023\/08\/vlcsnap-2023-08-05-11h17m29s102-2.png?resize=768%2C424&amp;ssl=1 768w, https:\/\/i0.wp.com\/andrewlevine.info\/wp-content\/uploads\/2023\/08\/vlcsnap-2023-08-05-11h17m29s102-2.png?resize=1536%2C848&amp;ssl=1 1536w, https:\/\/i0.wp.com\/andrewlevine.info\/wp-content\/uploads\/2023\/08\/vlcsnap-2023-08-05-11h17m29s102-2.png?w=1901&amp;ssl=1 1901w\" sizes=\"auto, (max-width: 767px) 89vw, (max-width: 1000px) 54vw, (max-width: 1071px) 543px, 580px\" \/><\/figure>\n\n\n\n<p><a rel=\"noreferrer noopener\" href=\"http:\/\/www.hintzenstern.eu\/\" target=\"_blank\">Michael von Hintzenstern<\/a> hat sich darauf spezialisiert, den statischen Klang von Orgeln \u201ezum Flie\u00dfen\u201c zu bringen. Daf\u00fcr werden die Registerkn\u00f6pfe von Orgeln mit mechanischer&nbsp;Traktur nicht vollst\u00e4ndig gezogen, sondern in bisher&nbsp;\u201eunerh\u00f6rte\u201c Positionen gebracht. Ein&nbsp;vorsichtig tastendes Spiel mit der Windzufuhr.<\/p>\n\n\n\n<p><a rel=\"noreferrer noopener\" href=\"http:\/\/theremin.andrewlevine.info\/\" target=\"_blank\">Andrew Levine<\/a> formt mit seiner Kombination aus Theremin und Modularsynthesizer \u2013 es stehen verschiedene Konfigurationen zur Verf\u00fcgung \u2013 Kl\u00e4nge in der Luft, die sich mit denen der Orgel mischen oder sie kontrastieren. Oftmals ist auch das Haken Audio Continuum Fingerboard mit von der Partie. Die Cracklebox sorgt f\u00fcr den \u201eSchmutz.\u201c<\/p>\n\n\n\n<figure class=\"wp-block-embed is-type-video is-provider-youtube wp-block-embed-youtube wp-embed-aspect-16-9 wp-has-aspect-ratio\"><div class=\"wp-block-embed__wrapper\">\n<iframe loading=\"lazy\" title=\"Duo LufftStrom&#039;s concert in Apolda on July 9, 2025\" width=\"525\" height=\"295\" src=\"https:\/\/www.youtube.com\/embed\/F_4LPJt3lqg?feature=oembed\" frameborder=\"0\" allow=\"accelerometer; autoplay; clipboard-write; encrypted-media; gyroscope; picture-in-picture; web-share\" referrerpolicy=\"strict-origin-when-cross-origin\" allowfullscreen><\/iframe>\n<\/div><\/figure>\n\n\n\n<p>Tonaufnahmen der ersten vier <a href=\"https:\/\/andrewlevine.info\/?p=1165\">Begegnungen<\/a> sind im November 2023 als <a href=\"https:\/\/music.apple.com\/de\/album\/lufftstrom-tryptichon\/1714052121?l=en-GB&amp;ls\" target=\"_blank\" rel=\"noreferrer noopener\">Tryptichon<\/a>,  <a href=\"https:\/\/music.apple.com\/de\/album\/lufftstrom-septem\/1714060891?l=en-GB&amp;ls\" target=\"_blank\" rel=\"noreferrer noopener\">Septem<\/a>, <a href=\"https:\/\/music.apple.com\/de\/album\/lufftstrom-inauditum\/1714060904?l=en-GB&amp;ls\" target=\"_blank\" rel=\"noreferrer noopener\">Inauditum<\/a> und <a href=\"https:\/\/music.apple.com\/de\/album\/lufftstrom-audivi\/1714072383?l=en-GB&amp;ls\" target=\"_blank\" rel=\"noreferrer noopener\">Audivi<\/a> erschienen.<\/p>\n\n\n\n<p>H\u00f6ren Sie selbst, wie beide zusammen einen Klangteppich weben, der aufgeschlossene H\u00f6rer*innen wie ein Schl\u00fcssel zu einem Universum geheimnisvoller Bilder auf eine imagin\u00e4re Reise mitnimmt.<\/p>\n\n\n\n<p>Hier finden Sie unseren <a rel=\"noreferrer noopener\" href=\"https:\/\/drive.google.com\/file\/d\/1TK3AemTb52kd4MiwMingglAz_U-o_MVd\/view?usp=sharing\" target=\"_blank\">Flyer<\/a>.<\/p>\n\n\n\n<figure class=\"wp-block-image size-large\"><img data-recalc-dims=\"1\" decoding=\"async\" data-attachment-id=\"968\" data-permalink=\"https:\/\/andrewlevine.info\/?attachment_id=968\" data-orig-file=\"https:\/\/i0.wp.com\/andrewlevine.info\/wp-content\/uploads\/2023\/08\/img_20230624_124612300-scaled.jpg?fit=2560%2C1920&amp;ssl=1\" data-orig-size=\"2560,1920\" data-comments-opened=\"1\" data-image-meta=\"{&quot;aperture&quot;:&quot;1.88&quot;,&quot;credit&quot;:&quot;&quot;,&quot;camera&quot;:&quot;A063&quot;,&quot;caption&quot;:&quot;&quot;,&quot;created_timestamp&quot;:&quot;1687610772&quot;,&quot;copyright&quot;:&quot;&quot;,&quot;focal_length&quot;:&quot;5.59&quot;,&quot;iso&quot;:&quot;585&quot;,&quot;shutter_speed&quot;:&quot;0.02&quot;,&quot;title&quot;:&quot;&quot;,&quot;orientation&quot;:&quot;1&quot;}\" data-image-title=\"img_20230624_124612300\" data-image-description=\"\" data-image-caption=\"\" data-medium-file=\"https:\/\/i0.wp.com\/andrewlevine.info\/wp-content\/uploads\/2023\/08\/img_20230624_124612300-scaled.jpg?fit=300%2C225&amp;ssl=1\" data-large-file=\"https:\/\/i0.wp.com\/andrewlevine.info\/wp-content\/uploads\/2023\/08\/img_20230624_124612300-scaled.jpg?fit=525%2C394&amp;ssl=1\" src=\"https:\/\/i0.wp.com\/andrewlevine.info\/wp-content\/uploads\/2023\/08\/img_20230624_124612300.jpg?w=525\" alt=\"\" class=\"wp-image-968\"\/><\/figure>\n\n\n\n<figure class=\"wp-block-image size-large\"><img data-recalc-dims=\"1\" decoding=\"async\" data-attachment-id=\"970\" data-permalink=\"https:\/\/andrewlevine.info\/?attachment_id=970\" data-orig-file=\"https:\/\/i0.wp.com\/andrewlevine.info\/wp-content\/uploads\/2023\/08\/img_20230623_212513991-scaled.jpg?fit=1920%2C2560&amp;ssl=1\" data-orig-size=\"1920,2560\" data-comments-opened=\"1\" data-image-meta=\"{&quot;aperture&quot;:&quot;1.88&quot;,&quot;credit&quot;:&quot;&quot;,&quot;camera&quot;:&quot;A063&quot;,&quot;caption&quot;:&quot;&quot;,&quot;created_timestamp&quot;:&quot;1687555515&quot;,&quot;copyright&quot;:&quot;&quot;,&quot;focal_length&quot;:&quot;5.59&quot;,&quot;iso&quot;:&quot;848&quot;,&quot;shutter_speed&quot;:&quot;0.04&quot;,&quot;title&quot;:&quot;&quot;,&quot;orientation&quot;:&quot;1&quot;}\" data-image-title=\"img_20230623_212513991\" data-image-description=\"\" data-image-caption=\"\" data-medium-file=\"https:\/\/i0.wp.com\/andrewlevine.info\/wp-content\/uploads\/2023\/08\/img_20230623_212513991-scaled.jpg?fit=225%2C300&amp;ssl=1\" data-large-file=\"https:\/\/i0.wp.com\/andrewlevine.info\/wp-content\/uploads\/2023\/08\/img_20230623_212513991-scaled.jpg?fit=525%2C700&amp;ssl=1\" src=\"https:\/\/i0.wp.com\/andrewlevine.info\/wp-content\/uploads\/2023\/08\/img_20230623_212513991.jpg?w=525\" alt=\"\" class=\"wp-image-970\"\/><\/figure>\n\n\n\n<figure class=\"wp-block-image size-large\"><img data-recalc-dims=\"1\" loading=\"lazy\" decoding=\"async\" width=\"525\" height=\"399\" data-attachment-id=\"1132\" data-permalink=\"https:\/\/andrewlevine.info\/?attachment_id=1132\" data-orig-file=\"https:\/\/i0.wp.com\/andrewlevine.info\/wp-content\/uploads\/2023\/08\/image_editor_output_image-1320972169-1692380216664.jpg?fit=961%2C730&amp;ssl=1\" data-orig-size=\"961,730\" data-comments-opened=\"1\" data-image-meta=\"{&quot;aperture&quot;:&quot;0&quot;,&quot;credit&quot;:&quot;&quot;,&quot;camera&quot;:&quot;&quot;,&quot;caption&quot;:&quot;&quot;,&quot;created_timestamp&quot;:&quot;0&quot;,&quot;copyright&quot;:&quot;&quot;,&quot;focal_length&quot;:&quot;0&quot;,&quot;iso&quot;:&quot;0&quot;,&quot;shutter_speed&quot;:&quot;0&quot;,&quot;title&quot;:&quot;&quot;,&quot;orientation&quot;:&quot;0&quot;}\" data-image-title=\"image_editor_output_image-1320972169-1692380216664\" data-image-description=\"\" data-image-caption=\"\" data-medium-file=\"https:\/\/i0.wp.com\/andrewlevine.info\/wp-content\/uploads\/2023\/08\/image_editor_output_image-1320972169-1692380216664.jpg?fit=300%2C228&amp;ssl=1\" data-large-file=\"https:\/\/i0.wp.com\/andrewlevine.info\/wp-content\/uploads\/2023\/08\/image_editor_output_image-1320972169-1692380216664.jpg?fit=525%2C399&amp;ssl=1\" src=\"https:\/\/i0.wp.com\/andrewlevine.info\/wp-content\/uploads\/2023\/08\/image_editor_output_image-1320972169-1692380216664.jpg?resize=525%2C399&#038;ssl=1\" alt=\"\" class=\"wp-image-1132\" srcset=\"https:\/\/i0.wp.com\/andrewlevine.info\/wp-content\/uploads\/2023\/08\/image_editor_output_image-1320972169-1692380216664.jpg?w=961&amp;ssl=1 961w, https:\/\/i0.wp.com\/andrewlevine.info\/wp-content\/uploads\/2023\/08\/image_editor_output_image-1320972169-1692380216664.jpg?resize=300%2C228&amp;ssl=1 300w, https:\/\/i0.wp.com\/andrewlevine.info\/wp-content\/uploads\/2023\/08\/image_editor_output_image-1320972169-1692380216664.jpg?resize=768%2C583&amp;ssl=1 768w\" sizes=\"auto, (max-width: 767px) 89vw, (max-width: 1000px) 54vw, (max-width: 1071px) 543px, 580px\" \/><\/figure>\n","protected":false},"excerpt":{"rendered":"<p>Michael von Hintzenstern hat sich darauf spezialisiert, den statischen Klang von Orgeln \u201ezum Flie\u00dfen\u201c zu bringen. Daf\u00fcr werden die Registerkn\u00f6pfe von Orgeln mit mechanischer&nbsp;Traktur nicht vollst\u00e4ndig gezogen, sondern in bisher&nbsp;\u201eunerh\u00f6rte\u201c Positionen gebracht. Ein&nbsp;vorsichtig tastendes Spiel mit der Windzufuhr. Andrew Levine formt mit seiner Kombination aus Theremin und Modularsynthesizer \u2013 es stehen verschiedene Konfigurationen zur Verf\u00fcgung &hellip; <\/p>\n<p class=\"link-more\"><a href=\"https:\/\/andrewlevine.info\/?page_id=960\" class=\"more-link\">Continue reading<span class=\"screen-reader-text\"> &#8220;Duo LufftStrom \/ Hintzenstern-Levine&#8221;<\/span><\/a><\/p>\n","protected":false},"author":1,"featured_media":0,"parent":0,"menu_order":0,"comment_status":"open","ping_status":"closed","template":"","meta":{"advanced_seo_description":"","jetpack_seo_html_title":"","jetpack_seo_noindex":false,"jetpack_post_was_ever_published":false,"footnotes":""},"class_list":["post-960","page","type-page","status-publish","hentry"],"jetpack_sharing_enabled":true,"jetpack_likes_enabled":true,"jetpack_shortlink":"https:\/\/wp.me\/Pf1TVk-fu","_links":{"self":[{"href":"https:\/\/andrewlevine.info\/index.php?rest_route=\/wp\/v2\/pages\/960","targetHints":{"allow":["GET"]}}],"collection":[{"href":"https:\/\/andrewlevine.info\/index.php?rest_route=\/wp\/v2\/pages"}],"about":[{"href":"https:\/\/andrewlevine.info\/index.php?rest_route=\/wp\/v2\/types\/page"}],"author":[{"embeddable":true,"href":"https:\/\/andrewlevine.info\/index.php?rest_route=\/wp\/v2\/users\/1"}],"replies":[{"embeddable":true,"href":"https:\/\/andrewlevine.info\/index.php?rest_route=%2Fwp%2Fv2%2Fcomments&post=960"}],"version-history":[{"count":14,"href":"https:\/\/andrewlevine.info\/index.php?rest_route=\/wp\/v2\/pages\/960\/revisions"}],"predecessor-version":[{"id":1565,"href":"https:\/\/andrewlevine.info\/index.php?rest_route=\/wp\/v2\/pages\/960\/revisions\/1565"}],"wp:attachment":[{"href":"https:\/\/andrewlevine.info\/index.php?rest_route=%2Fwp%2Fv2%2Fmedia&parent=960"}],"curies":[{"name":"wp","href":"https:\/\/api.w.org\/{rel}","templated":true}]}}